{"id":1133,"date":"2013-03-15T18:19:23","date_gmt":"2013-03-15T23:19:23","guid":{"rendered":"http:\/\/wptest.io\/demo\/?page_id=1080"},"modified":"2018-04-26T19:16:41","modified_gmt":"2018-04-26T16:16:41","slug":"page-image-alignment","status":"publish","type":"page","link":"https:\/\/www.kanergrup.com\/?page_id=1133","title":{"rendered":"So\u011fuk &#038; S\u0131cak Otomat"},"content":{"rendered":"<p>Personelin s\u0131cak i\u00e7ecek, so\u011fuk i\u00e7ecek ve at\u0131\u015ft\u0131rmal\u0131k ihtiyac\u0131n\u0131n kar\u015f\u0131lamak istemeyen kurulu\u015flar ve kamusal alanlar ( hastane,okul,askeriye,durak, bekleme salonlar\u0131 vb. ) i\u00e7in uygun bir se\u00e7enektir.<\/p>\n<p style=\"text-align: center;\"><img loading=\"lazy\" decoding=\"async\" data-attachment-id=\"1980\" data-permalink=\"https:\/\/www.kanergrup.com\/?attachment_id=1980\" data-orig-file=\"https:\/\/i2.wp.com\/www.kanergrup.com\/wp-content\/uploads\/2013\/03\/3.jpg?fit=1423%2C901&amp;ssl=1\" data-orig-size=\"1423,901\" data-comments-opened=\"0\" data-image-meta=\"{&quot;aperture&quot;:&quot;0&quot;,&quot;credit&quot;:&quot;&quot;,&quot;camera&quot;:&quot;&quot;,&quot;caption&quot;:&quot;&quot;,&quot;created_timestamp&quot;:&quot;0&quot;,&quot;copyright&quot;:&quot;&quot;,&quot;focal_length&quot;:&quot;0&quot;,&quot;iso&quot;:&quot;0&quot;,&quot;shutter_speed&quot;:&quot;0&quot;,&quot;title&quot;:&quot;&quot;,&quot;orientation&quot;:&quot;0&quot;}\" data-image-title=\"3\" data-image-description=\"\" data-medium-file=\"https:\/\/i2.wp.com\/www.kanergrup.com\/wp-content\/uploads\/2013\/03\/3.jpg?fit=300%2C190&amp;ssl=1\" data-large-file=\"https:\/\/i2.wp.com\/www.kanergrup.com\/wp-content\/uploads\/2013\/03\/3.jpg?fit=1024%2C648&amp;ssl=1\" class=\"aligncenter wp-image-1980\" src=\"https:\/\/i0.wp.com\/www.kanergrup.com.tr\/wp-content\/uploads\/2013\/03\/3.jpg?resize=655%2C415\" alt=\"\" width=\"655\" height=\"415\" srcset=\"https:\/\/i2.wp.com\/www.kanergrup.com\/wp-content\/uploads\/2013\/03\/3.jpg?w=1423&amp;ssl=1 1423w, https:\/\/i2.wp.com\/www.kanergrup.com\/wp-content\/uploads\/2013\/03\/3.jpg?resize=300%2C190&amp;ssl=1 300w, https:\/\/i2.wp.com\/www.kanergrup.com\/wp-content\/uploads\/2013\/03\/3.jpg?resize=768%2C486&amp;ssl=1 768w, https:\/\/i2.wp.com\/www.kanergrup.com\/wp-content\/uploads\/2013\/03\/3.jpg?resize=1024%2C648&amp;ssl=1 1024w\" sizes=\"(max-width: 655px) 100vw, 655px\" data-recalc-dims=\"1\" \/><\/p>\n<p>Kaner\u00a0<em><strong>Otomat Sistemleri<\/strong><\/em>.<\/p>\n<p><strong><img loading=\"lazy\" decoding=\"async\" data-attachment-id=\"1982\" data-permalink=\"https:\/\/www.kanergrup.com\/?attachment_id=1982\" data-orig-file=\"https:\/\/i0.wp.com\/www.kanergrup.com\/wp-content\/uploads\/2013\/03\/1.jpg?fit=800%2C1375&amp;ssl=1\" data-orig-size=\"800,1375\" data-comments-opened=\"0\" data-image-meta=\"{&quot;aperture&quot;:&quot;0&quot;,&quot;credit&quot;:&quot;&quot;,&quot;camera&quot;:&quot;&quot;,&quot;caption&quot;:&quot;&quot;,&quot;created_timestamp&quot;:&quot;0&quot;,&quot;copyright&quot;:&quot;&quot;,&quot;focal_length&quot;:&quot;0&quot;,&quot;iso&quot;:&quot;0&quot;,&quot;shutter_speed&quot;:&quot;0&quot;,&quot;title&quot;:&quot;&quot;,&quot;orientation&quot;:&quot;1&quot;}\" data-image-title=\"1\" data-image-description=\"\" data-medium-file=\"https:\/\/i0.wp.com\/www.kanergrup.com\/wp-content\/uploads\/2013\/03\/1.jpg?fit=175%2C300&amp;ssl=1\" data-large-file=\"https:\/\/i0.wp.com\/www.kanergrup.com\/wp-content\/uploads\/2013\/03\/1.jpg?fit=596%2C1024&amp;ssl=1\" class=\"size-thumbnail wp-image-1982 alignleft\" src=\"https:\/\/i1.wp.com\/www.kanergrup.com.tr\/wp-content\/uploads\/2013\/03\/1-150x150.jpg?resize=150%2C150\" alt=\"\" width=\"150\" height=\"150\" srcset=\"https:\/\/i0.wp.com\/www.kanergrup.com\/wp-content\/uploads\/2013\/03\/1.jpg?resize=150%2C150&amp;ssl=1 150w, https:\/\/i0.wp.com\/www.kanergrup.com\/wp-content\/uploads\/2013\/03\/1.jpg?zoom=2&amp;resize=150%2C150&amp;ssl=1 300w, https:\/\/i0.wp.com\/www.kanergrup.com\/wp-content\/uploads\/2013\/03\/1.jpg?zoom=3&amp;resize=150%2C150&amp;ssl=1 450w\" sizes=\"(max-width: 150px) 100vw, 150px\" data-recalc-dims=\"1\" \/><\/strong>Her ge\u00e7en g\u00fcn; yapt\u0131\u011f\u0131 Pazar ara\u015ft\u0131rmalar\u0131yla destekledi\u011fi, \u00fcretim ve pazarlama faaliyetleriyle alt yap\u0131s\u0131n\u0131 g\u00fc\u00e7lendiren ve kurumsal bir kimlik olu\u015fturan<br \/>\nKaner Otomat sistemleri bu kimli\u011fi ulusal anlamda b\u00fcy\u00fctme ve geni\u015fletme \u00e7abas\u0131 i\u00e7erisindedir. Yap\u0131lan t\u00fcm haz\u0131rl\u0131klar ve \u00e7al\u0131\u015fmalar do\u011frultusunda<br \/>\nbelirlenen hedef; Kaner Otomat sistemleri firmas\u0131n\u0131n G\u0131da Sekt\u00f6r\u00fcnde ihracata y\u00f6nelik pazarda pay sahibi olmak ve kimli\u011fini ulusalla\u015ft\u0131rmakt\u0131r<br \/>\nKaner Grup firmas\u0131 2015 y\u0131l\u0131nda Ankara&#8217;da pazarlama ve da\u011f\u0131t\u0131m \u00e7al\u0131\u015fmalar\u0131yla faaliyete ge\u00e7mi\u015ftir. \u00d6ncelikle perakendecilere y\u00f6nelen \u015firket; toptanc\u0131,<br \/>\ntoptanc\u0131 \u00fcst\u00fc, kuru kahve ve marketleri de \u00e7al\u0131\u015fma alan\u0131 i\u00e7ine alarak geli\u015fimini s\u00fcrd\u00fcrd\u00fc. Kalite, g\u00fcven ve disiplinin \u00f6n planda olmas\u0131 \u015firketin k\u0131sa<br \/>\nzamanda pazardaki yerini sa\u011flamla\u015ft\u0131rd\u0131. Bizi tercih etti\u011finiz i\u00e7in te\u015fekk\u00fcr ederiz.<\/p>\n<p><img loading=\"lazy\" decoding=\"async\" data-attachment-id=\"1977\" data-permalink=\"https:\/\/www.kanergrup.com\/?attachment_id=1977\" data-orig-file=\"https:\/\/i2.wp.com\/www.kanergrup.com\/wp-content\/uploads\/2013\/03\/4.jpg?fit=1156%2C442&amp;ssl=1\" data-orig-size=\"1156,442\" data-comments-opened=\"0\" data-image-meta=\"{&quot;aperture&quot;:&quot;0&quot;,&quot;credit&quot;:&quot;&quot;,&quot;camera&quot;:&quot;&quot;,&quot;caption&quot;:&quot;&quot;,&quot;created_timestamp&quot;:&quot;0&quot;,&quot;copyright&quot;:&quot;&quot;,&quot;focal_length&quot;:&quot;0&quot;,&quot;iso&quot;:&quot;0&quot;,&quot;shutter_speed&quot;:&quot;0&quot;,&quot;title&quot;:&quot;&quot;,&quot;orientation&quot;:&quot;0&quot;}\" data-image-title=\"4\" data-image-description=\"\" data-medium-file=\"https:\/\/i2.wp.com\/www.kanergrup.com\/wp-content\/uploads\/2013\/03\/4.jpg?fit=300%2C115&amp;ssl=1\" data-large-file=\"https:\/\/i2.wp.com\/www.kanergrup.com\/wp-content\/uploads\/2013\/03\/4.jpg?fit=1024%2C392&amp;ssl=1\" class=\"wp-image-1977 aligncenter\" src=\"https:\/\/i1.wp.com\/www.kanergrup.com.tr\/wp-content\/uploads\/2013\/03\/4.jpg?resize=664%2C254\" alt=\"\" width=\"664\" height=\"254\" srcset=\"https:\/\/i2.wp.com\/www.kanergrup.com\/wp-content\/uploads\/2013\/03\/4.jpg?w=1156&amp;ssl=1 1156w, https:\/\/i2.wp.com\/www.kanergrup.com\/wp-content\/uploads\/2013\/03\/4.jpg?resize=300%2C115&amp;ssl=1 300w, https:\/\/i2.wp.com\/www.kanergrup.com\/wp-content\/uploads\/2013\/03\/4.jpg?resize=768%2C294&amp;ssl=1 768w, https:\/\/i2.wp.com\/www.kanergrup.com\/wp-content\/uploads\/2013\/03\/4.jpg?resize=1024%2C392&amp;ssl=1 1024w\" sizes=\"(max-width: 664px) 100vw, 664px\" data-recalc-dims=\"1\" \/><\/p>\n<p><em><strong>S\u0131cak ve So\u011fuk Otomat Kurulumlar\u0131nda Dikkat Edilmesi Gereken Hususlar<\/strong><\/em><\/p>\n<p><img loading=\"lazy\" decoding=\"async\" data-attachment-id=\"1983\" data-permalink=\"https:\/\/www.kanergrup.com\/?attachment_id=1983\" data-orig-file=\"https:\/\/i2.wp.com\/www.kanergrup.com\/wp-content\/uploads\/2013\/03\/2.jpg?fit=1024%2C1886&amp;ssl=1\" data-orig-size=\"1024,1886\" data-comments-opened=\"0\" data-image-meta=\"{&quot;aperture&quot;:&quot;0&quot;,&quot;credit&quot;:&quot;&quot;,&quot;camera&quot;:&quot;&quot;,&quot;caption&quot;:&quot;&quot;,&quot;created_timestamp&quot;:&quot;0&quot;,&quot;copyright&quot;:&quot;&quot;,&quot;focal_length&quot;:&quot;0&quot;,&quot;iso&quot;:&quot;0&quot;,&quot;shutter_speed&quot;:&quot;0&quot;,&quot;title&quot;:&quot;&quot;,&quot;orientation&quot;:&quot;0&quot;}\" data-image-title=\"2\" data-image-description=\"\" data-medium-file=\"https:\/\/i2.wp.com\/www.kanergrup.com\/wp-content\/uploads\/2013\/03\/2.jpg?fit=163%2C300&amp;ssl=1\" data-large-file=\"https:\/\/i2.wp.com\/www.kanergrup.com\/wp-content\/uploads\/2013\/03\/2.jpg?fit=556%2C1024&amp;ssl=1\" class=\"size-medium wp-image-1983 alignleft\" src=\"https:\/\/i2.wp.com\/www.kanergrup.com.tr\/wp-content\/uploads\/2013\/03\/2-163x300.jpg?resize=163%2C300\" alt=\"\" width=\"163\" height=\"300\" srcset=\"https:\/\/i2.wp.com\/www.kanergrup.com\/wp-content\/uploads\/2013\/03\/2.jpg?resize=163%2C300&amp;ssl=1 163w, https:\/\/i2.wp.com\/www.kanergrup.com\/wp-content\/uploads\/2013\/03\/2.jpg?resize=768%2C1415&amp;ssl=1 768w, https:\/\/i2.wp.com\/www.kanergrup.com\/wp-content\/uploads\/2013\/03\/2.jpg?resize=556%2C1024&amp;ssl=1 556w, https:\/\/i2.wp.com\/www.kanergrup.com\/wp-content\/uploads\/2013\/03\/2.jpg?w=1024&amp;ssl=1 1024w\" sizes=\"(max-width: 163px) 100vw, 163px\" data-recalc-dims=\"1\" \/><\/p>\n<p style=\"text-align: left;\">\u00a0 \u00a0 \u00a0 \u00a0So\u011fuk ve s\u0131cak i\u00e7ecek kurulumlar\u0131 di\u011fer otomat \u00e7e\u015fitlerinin kurulumlar\u0131ndan \u00e7ok da farkl\u0131 de\u011fildir. \u0130\u00e7ecek otomat kurulumu s\u0131ras\u0131nda priz ve i\u00e7ecek otomatlar\u0131n\u0131n yan yana bulunmalar\u0131na \u00f6zen g\u00f6stermeniz gerekmektedir. Priz ve i\u00e7ecek otomat\u0131 fi\u015finin uzak olmas\u0131 durumunda bir tak\u0131m kazalar meydana gelebilmektedir. \u0130\u00e7ecek otomatlar\u0131n\u0131 online olarak sat\u0131n alman\u0131z ard\u0131ndan firmam\u0131z taraf\u0131ndan sizlere \u00fccretsiz kurulum imkan\u0131 sunulmaktad\u0131r. Bu i\u015flem sizleri komplike kurulum a\u015famalar\u0131n\u0131 ger\u00e7ekle\u015ftirmekten kurtaracakt\u0131r.<\/p>\n<p style=\"text-align: left;\">\u00a0 \u00a0 \u00a0 \u00a0\u0130\u00e7ecek otomatlar\u0131 kurulumu s\u0131ras\u0131nda yap\u0131lan herhangi bir hata otomat\u0131n d\u00fczg\u00fcn \u00e7al\u0131\u015fmamas\u0131na sebebiyet verebilece\u011finden kurulum i\u015flemi mutlaka konusunda uzman olan bireyler taraf\u0131ndan ger\u00e7ekle\u015ftirilmelidir. \u0130\u00e7ecek otomatlar\u0131n\u0131n fiyatlar\u0131, otomat\u0131n genel \u00f6zelliklerine g\u00f6re farkl\u0131l\u0131k g\u00f6stermektedir. \u0130\u00e7ecek otomatlar\u0131n\u0131n \u00e7o\u011fu kurumsal merkezlerde kullan\u0131lmaktad\u0131rlar. Bu durumun esas sebebi i\u00e7ecek otomatlar\u0131n\u0131n portatif \u00fcr\u00fcnler olmamas\u0131d\u0131r. Son d\u00f6nemlerde otomat severler i\u00e7in firmam\u0131z, portatif nitelikte olan otomatlar da \u00fcretmektedir. Bu otomatlar ev ve i\u015f yeri i\u00e7erisinde kullan\u0131lmak \u00fczere uygundular.<\/p>\n<div class=\"mceTemp\"><\/div>\n<p>&nbsp;<\/p>\n","protected":false},"excerpt":{"rendered":"<p>Personelin s\u0131cak i\u00e7ecek, so\u011fuk i\u00e7ecek ve at\u0131\u015ft\u0131rmal\u0131k ihtiyac\u0131n\u0131n kar\u015f\u0131lamak istemeyen kurulu\u015flar ve kamusal alanlar ( hastane,okul,askeriye,durak, bekleme salonlar\u0131 vb. ) i\u00e7in uygun bir se\u00e7enektir. Kaner\u00a0Otomat Sistemleri. Her ge\u00e7en g\u00fcn; yapt\u0131\u011f\u0131 Pazar ara\u015ft\u0131rmalar\u0131yla destekledi\u011fi, \u00fcretim ve pazarlama faaliyetleriyle alt yap\u0131s\u0131n\u0131 g\u00fc\u00e7lendiren ve kurumsal bir kimlik olu\u015fturan Kaner Otomat sistemleri bu kimli\u011fi ulusal anlamda b\u00fcy\u00fctme ve geni\u015fletme<\/p>\n<div><a class=\"btn-filled btn\" href=\"https:\/\/www.kanergrup.com\/?page_id=1133\" title=\"So\u011fuk &#038; S\u0131cak Otomat\">Read More<\/a><\/div>\n","protected":false},"author":1,"featured_media":0,"parent":5,"menu_order":0,"comment_status":"open","ping_status":"open","template":"page-templates\/full-width.php","meta":{"footnotes":""},"_links":{"self":[{"href":"https:\/\/www.kanergrup.com\/index.php?rest_route=\/wp\/v2\/pages\/1133"}],"collection":[{"href":"https:\/\/www.kanergrup.com\/index.php?rest_route=\/wp\/v2\/pages"}],"about":[{"href":"https:\/\/www.kanergrup.com\/index.php?rest_route=\/wp\/v2\/types\/page"}],"author":[{"embeddable":true,"href":"https:\/\/www.kanergrup.com\/index.php?rest_route=\/wp\/v2\/users\/1"}],"replies":[{"embeddable":true,"href":"https:\/\/www.kanergrup.com\/index.php?rest_route=%2Fwp%2Fv2%2Fcomments&post=1133"}],"version-history":[{"count":8,"href":"https:\/\/www.kanergrup.com\/index.php?rest_route=\/wp\/v2\/pages\/1133\/revisions"}],"predecessor-version":[{"id":1987,"href":"https:\/\/www.kanergrup.com\/index.php?rest_route=\/wp\/v2\/pages\/1133\/revisions\/1987"}],"up":[{"embeddable":true,"href":"https:\/\/www.kanergrup.com\/index.php?rest_route=\/wp\/v2\/pages\/5"}],"wp:attachment":[{"href":"https:\/\/www.kanergrup.com\/index.php?rest_route=%2Fwp%2Fv2%2Fmedia&parent=1133"}],"curies":[{"name":"wp","href":"https:\/\/api.w.org\/{rel}","templated":true}]}}