{"id":1855,"date":"2016-02-23T18:22:03","date_gmt":"2016-02-23T18:22:03","guid":{"rendered":"https:\/\/colorlib.com\/flexible\/?page_id=2"},"modified":"2024-04-14T21:43:03","modified_gmt":"2024-04-14T18:43:03","slug":"sample-page","status":"publish","type":"page","link":"https:\/\/www.kanergrup.com\/?page_id=1855","title":{"rendered":"\u0130leti\u015fim"},"content":{"rendered":"\n<p>Kaner Grup Otomat Sistemleri &#8211; Kaner Grup LTD. \u015eT\u0130. Yiyecek &amp; \u0130\u00e7ecek Otomatlar\u0131 2024<br><\/p>\n\n\n\n<p>Bize 7\/24 saat \u00e7a\u011fr\u0131 merkezi numaram\u0131zdan ula\u015fabilirsiniz.<br>Tel : 0850&nbsp; 304 9699<br>Tel : 0532 546 4477<br>iletisim@kanergrup.com<\/p>\n\n\n\n<p>Ahi Evran Mallesi. \u00c7a\u011fr\u0131\u015f\u0131m Sokak No:152 Sincan, Ankara \/ T\u00fcrkiye<\/p>\n","protected":false},"excerpt":{"rendered":"<p>Kaner Grup Otomat Sistemleri &#8211; Kaner Grup LTD. \u015eT\u0130. Yiyecek &amp; \u0130\u00e7ecek Otomatlar\u0131 2024 Bize 7\/24 saat \u00e7a\u011fr\u0131 merkezi numaram\u0131zdan ula\u015fabilirsiniz.Tel : 0850&nbsp; 304 9699Tel : 0532 546 4477iletisim@kanergrup.com Ahi Evran Mallesi. \u00c7a\u011fr\u0131\u015f\u0131m Sokak No:152 Sincan, Ankara \/ T\u00fcrkiye<\/p>\n","protected":false},"author":1,"featured_media":0,"parent":0,"menu_order":0,"comment_status":"closed","ping_status":"open","template":"","meta":{"footnotes":""},"_links":{"self":[{"href":"https:\/\/www.kanergrup.com\/index.php?rest_route=\/wp\/v2\/pages\/1855"}],"collection":[{"href":"https:\/\/www.kanergrup.com\/index.php?rest_route=\/wp\/v2\/pages"}],"about":[{"href":"https:\/\/www.kanergrup.com\/index.php?rest_route=\/wp\/v2\/types\/page"}],"author":[{"embeddable":true,"href":"https:\/\/www.kanergrup.com\/index.php?rest_route=\/wp\/v2\/users\/1"}],"replies":[{"embeddable":true,"href":"https:\/\/www.kanergrup.com\/index.php?rest_route=%2Fwp%2Fv2%2Fcomments&post=1855"}],"version-history":[{"count":1,"href":"https:\/\/www.kanergrup.com\/index.php?rest_route=\/wp\/v2\/pages\/1855\/revisions"}],"predecessor-version":[{"id":1994,"href":"https:\/\/www.kanergrup.com\/index.php?rest_route=\/wp\/v2\/pages\/1855\/revisions\/1994"}],"wp:attachment":[{"href":"https:\/\/www.kanergrup.com\/index.php?rest_route=%2Fwp%2Fv2%2Fmedia&parent=1855"}],"curies":[{"name":"wp","href":"https:\/\/api.w.org\/{rel}","templated":true}]}}