{"id":5,"date":"2010-07-25T19:40:01","date_gmt":"2010-07-26T02:40:01","guid":{"rendered":"http:\/\/wpthemetestdata.wordpress.com\/about\/"},"modified":"2024-04-14T21:41:25","modified_gmt":"2024-04-14T18:41:25","slug":"about","status":"publish","type":"page","link":"https:\/\/www.kanergrup.com\/?page_id=5","title":{"rendered":"Hakk\u0131m\u0131zda"},"content":{"rendered":"<p>Kaner Grup Otomat Sistemleri &#8211; Kaner Grup LTD. \u015eT\u0130. Yiyecek &amp; \u0130\u00e7ecek Otomatlar\u0131 2024<\/p>\n<p>Bize 7\/24 saat \u00e7a\u011fr\u0131 merkezi numaram\u0131zdan ula\u015fabilirsiniz.<br \/>\nTel : 0850\u00a0 304 9699<br \/>\nTel : 0532 546 4477<br \/>\niletisim@kanergrup.com<\/p>\n<p>Ahi Evran Mallesi. \u00c7a\u011fr\u0131\u015f\u0131m Sokak No:152 Sincan, Ankara \/ T\u00fcrkiye<\/p>\n","protected":false},"excerpt":{"rendered":"<p>Kaner Grup Otomat Sistemleri &#8211; Kaner Grup LTD. \u015eT\u0130. Yiyecek &amp; \u0130\u00e7ecek Otomatlar\u0131 2024 Bize 7\/24 saat \u00e7a\u011fr\u0131 merkezi numaram\u0131zdan ula\u015fabilirsiniz. Tel : 0850\u00a0 304 9699 Tel : 0532 546 4477 iletisim@kanergrup.com Ahi Evran Mallesi. \u00c7a\u011fr\u0131\u015f\u0131m Sokak No:152 Sincan, Ankara \/ T\u00fcrkiye<\/p>\n","protected":false},"author":1,"featured_media":0,"parent":0,"menu_order":1,"comment_status":"closed","ping_status":"closed","template":"","meta":{"footnotes":""},"_links":{"self":[{"href":"https:\/\/www.kanergrup.com\/index.php?rest_route=\/wp\/v2\/pages\/5"}],"collection":[{"href":"https:\/\/www.kanergrup.com\/index.php?rest_route=\/wp\/v2\/pages"}],"about":[{"href":"https:\/\/www.kanergrup.com\/index.php?rest_route=\/wp\/v2\/types\/page"}],"author":[{"embeddable":true,"href":"https:\/\/www.kanergrup.com\/index.php?rest_route=\/wp\/v2\/users\/1"}],"replies":[{"embeddable":true,"href":"https:\/\/www.kanergrup.com\/index.php?rest_route=%2Fwp%2Fv2%2Fcomments&post=5"}],"version-history":[{"count":2,"href":"https:\/\/www.kanergrup.com\/index.php?rest_route=\/wp\/v2\/pages\/5\/revisions"}],"predecessor-version":[{"id":1993,"href":"https:\/\/www.kanergrup.com\/index.php?rest_route=\/wp\/v2\/pages\/5\/revisions\/1993"}],"wp:attachment":[{"href":"https:\/\/www.kanergrup.com\/index.php?rest_route=%2Fwp%2Fv2%2Fmedia&parent=5"}],"curies":[{"name":"wp","href":"https:\/\/api.w.org\/{rel}","templated":true}]}}